{"id":254,"date":"2025-02-18T15:01:06","date_gmt":"2025-02-18T15:01:06","guid":{"rendered":"https:\/\/qartworks.info\/a-propos\/"},"modified":"2025-06-02T15:02:41","modified_gmt":"2025-06-02T15:02:41","slug":"a-propos","status":"publish","type":"page","link":"https:\/\/qartworks.info\/fr\/a-propos\/","title":{"rendered":"\u00c0 propos"},"content":{"rendered":"\n<h3 class=\"wp-block-heading has-text-align-center\">\u00ab Peu importe les outils et les techniques, seule l&rsquo;expression pr\u00e9vaut \u00bb<\/h3>\n\n\n\n<p>Bienvenue dans l\u2019univers captivant de <strong>Quentin Fran\u00e7ois<\/strong>, <strong>alias Q, <\/strong>un architecte et peintre fran\u00e7ais dont le travail repose sur l\u2019utilisation de motifs r\u00e9p\u00e9titifs, de motifs complexes et d\u2019une approche r\u00e9solument abstraite. \u00c0 travers ses cr\u00e9ations, <strong>Q <\/strong>explore les possibilit\u00e9s infinies de la forme, de la couleur et de la texture, invitant le spectateur \u00e0 une exp\u00e9rience visuelle unique et immersive.<\/p>\n\n\n<div class=\"wp-block-ub-content-toggle wp-block-ub-content-toggle-block\" id=\"ub-content-toggle-block-67b70e45-f508-40ce-8225-0441feffc731\" data-mobilecollapse=\"false\" data-desktopcollapse=\"false\" data-preventcollapse=\"false\" data-showonlyone=\"false\">\n<div class=\"wp-block-ub-content-toggle-accordion\" style=\"border-color: #f1f1f1; \" id=\"ub-content-toggle-panel-block-\">\n\t\t\t<div class=\"wp-block-ub-content-toggle-accordion-title-wrap\" style=\"background-color: #f1f1f1;\" aria-controls=\"ub-content-toggle-panel-0-67b70e45-f508-40ce-8225-0441feffc731\" tabindex=\"0\">\n\t\t\t<p class=\"wp-block-ub-content-toggle-accordion-title ub-content-toggle-title-67b70e45-f508-40ce-8225-0441feffc731\" style=\"color: #000000; \"><strong>PRESENTATION<\/strong><\/p>\n\t\t\t<div class=\"wp-block-ub-content-toggle-accordion-toggle-wrap left\" style=\"color: #000000;\"><span class=\"wp-block-ub-content-toggle-accordion-state-indicator wp-block-ub-chevron-down open\"><\/span><\/div>\n\t\t<\/div>\n\t\t\t<div role=\"region\" aria-expanded=\"true\" class=\"wp-block-ub-content-toggle-accordion-content-wrap\" id=\"ub-content-toggle-panel-0-67b70e45-f508-40ce-8225-0441feffc731\">\n\n<p><strong>Motifs et patterns<\/strong><\/p>\n\n\n\n<p>\u00a0Les motifs r\u00e9p\u00e9titifs sont au c\u0153ur de l\u2019\u0153uvre de <strong>Q<\/strong>. \u00c0 l\u2019aide de motifs r\u00e9currents, il lib\u00e8re la peinture de ses contraintes formelles et se concentre sur l\u2019essence m\u00eame de l\u2019expression artistique. Chaque motif, qu\u2019il soit g\u00e9om\u00e9trique ou organique, devient un \u00e9l\u00e9ment de langage visuel qui raconte une histoire \u00e0 la fois personnelle et universelle.<\/p>\n\n\n\n<p><strong>\u00a0R\u00e9p\u00e9tition et abstraction<\/strong><\/p>\n\n\n\n<p>\u00a0La r\u00e9p\u00e9tition dans l\u2019art de <strong>Q<\/strong> n\u2019est pas simplement une technique mais un processus : comment utiliser les limites pour atteindre une nouvelle libert\u00e9 et atteindre une nouvelle exp\u00e9rience de peinture ? <strong>Q<\/strong> tente d\u2019\u00e9lever des formes banales au rang d\u2019\u0153uvres d\u2019art par la r\u00e9p\u00e9tition. Cette approche peut r\u00e9v\u00e9ler une beaut\u00e9 diff\u00e9rente cach\u00e9e dans la vie quotidienne et remettre en question notre perception de l\u2019art et de la r\u00e9alit\u00e9.<\/p>\n\n\n\n<p><strong>Influences et inspiration<\/strong><\/p>\n\n\n\n<p>\u00a0<strong>Quentin Fran\u00e7ois<\/strong> est architecte et peintre autodidacte. Ainsi, sa technique est influenc\u00e9e par une exp\u00e9rience informelle de l\u2019art en s\u2019inspirant des grands ma\u00eetres de l\u2019art abstrait tels que Wassily Kandinsky, Victor Vasarely, Piet Mondrian et Jackson Pollock. Les paysages et la nature font partie de son inspiration pour les r\u00e9interpr\u00e9ter de mani\u00e8re abstraite et personnelle.<\/p>\n\n\n\n<p><strong>Technique et approche<\/strong><\/p>\n\n\n\n<p>\u00a0L\u2019approche technique de <strong>Q<\/strong> est marqu\u00e9e par la spontan\u00e9it\u00e9 et la libert\u00e9 d\u2019expression, avec des r\u00e8gles auto-impos\u00e9es (formes ou rythme de motif). <strong>Q <\/strong>privil\u00e9gie l\u2019\u00e9motion pure et les gestes instinctifs. Chaque coup de pinceau, chaque choix de couleur est guid\u00e9 par une qu\u00eate spirituelle et \u00e9motionnelle, cr\u00e9ant des \u0153uvres qui r\u00e9sonnent profond\u00e9ment avec le spectateur.<\/p>\n\n\n\n<p>Les \u0153uvres embl\u00e9matiques de <strong>Q<\/strong> sont des compositions qui jouent avec les formes g\u00e9om\u00e9triques et les couleurs vives. Ces \u0153uvres nous invitent \u00e0 la contemplation silencieuse et \u00e0 une exp\u00e9rience visc\u00e9rale de l\u2019art.<\/p>\n\n\n\n<p><strong>Conclusion<\/strong><\/p>\n\n\n\n<p>\u00a0<strong>Quentin Fran\u00e7ois<\/strong> nous offre une vision de l\u2019art abstrait, o\u00f9 motifs r\u00e9p\u00e9titifs et motifs complexes se combinent pour cr\u00e9er des \u0153uvres d\u2019une grande richesse \u00e9motionnelle et visuelle. \u00c0 travers son travail exp\u00e9rimental, <strong>Q<\/strong> nous invite \u00e0 red\u00e9couvrir la beaut\u00e9 cach\u00e9e dans la nature et \u00e0 explorer les limites de l\u2019expression artistique.<\/p>\n\n<\/div>\n\t\t<\/div>\n<\/div>\n\n<div class=\"wp-block-ub-content-toggle wp-block-ub-content-toggle-block\" id=\"ub-content-toggle-block-f16ff4cc-1fba-4540-bbf9-cec47b616a4c\" data-mobilecollapse=\"false\" data-desktopcollapse=\"false\" data-preventcollapse=\"false\" data-showonlyone=\"false\">\n<div class=\"wp-block-ub-content-toggle-accordion\" style=\"border-color: #f1f1f1; \" id=\"ub-content-toggle-panel-block-\">\n\t\t\t<div class=\"wp-block-ub-content-toggle-accordion-title-wrap\" style=\"background-color: #f1f1f1;\" aria-controls=\"ub-content-toggle-panel-0-f16ff4cc-1fba-4540-bbf9-cec47b616a4c\" tabindex=\"0\">\n\t\t\t<p class=\"wp-block-ub-content-toggle-accordion-title ub-content-toggle-title-f16ff4cc-1fba-4540-bbf9-cec47b616a4c\" style=\"color: #000000; \"><strong>EXP\u00c9RIENCE<\/strong><\/p>\n\t\t\t<div class=\"wp-block-ub-content-toggle-accordion-toggle-wrap left\" style=\"color: #000000;\"><span class=\"wp-block-ub-content-toggle-accordion-state-indicator wp-block-ub-chevron-down open\"><\/span><\/div>\n\t\t<\/div>\n\t\t\t<div role=\"region\" aria-expanded=\"true\" class=\"wp-block-ub-content-toggle-accordion-content-wrap\" id=\"ub-content-toggle-panel-0-f16ff4cc-1fba-4540-bbf9-cec47b616a4c\">\n\n<p><strong>Quentin Fran\u00e7ois<\/strong> est un architecte fran\u00e7ais. Ses exp\u00e9riences \u00e0 l&rsquo;\u00e9tranger, en Chine, au Maroc, \u00e0 Mayotte et en Iran, ont fa\u00e7onn\u00e9 une vision unique du monde, impr\u00e9gn\u00e9e d&rsquo;exp\u00e9riences multiculturelles et d&rsquo;influences venues d&rsquo;Asie, d&rsquo;Afrique et du Moyen-Orient. Son environnement local joue ainsi un r\u00f4le important dans son travail actuel, notamment dans le choix des formes et des couleurs.<\/p>\n\n\n\n<p><strong>Q<\/strong> a commenc\u00e9 \u00e0 peindre intensivement en 2022, alors qu&rsquo;il vivait \u00e0 T\u00e9h\u00e9ran, en Iran.<\/p>\n\n<\/div>\n\t\t<\/div>\n\n<div class=\"wp-block-ub-content-toggle-accordion\" style=\"border-color: #f1f1f1; \" id=\"ub-content-toggle-panel-block-\">\n\t\t\t<div class=\"wp-block-ub-content-toggle-accordion-title-wrap\" style=\"background-color: #f1f1f1;\" aria-controls=\"ub-content-toggle-panel-1-f16ff4cc-1fba-4540-bbf9-cec47b616a4c\" tabindex=\"0\">\n\t\t\t<p class=\"wp-block-ub-content-toggle-accordion-title ub-content-toggle-title-f16ff4cc-1fba-4540-bbf9-cec47b616a4c\" style=\"color: #000000; \"><strong>\u00c9DUCATION ET PROFESSION<\/strong><\/p>\n\t\t\t<div class=\"wp-block-ub-content-toggle-accordion-toggle-wrap left\" style=\"color: #000000;\"><span class=\"wp-block-ub-content-toggle-accordion-state-indicator wp-block-ub-chevron-down open\"><\/span><\/div>\n\t\t<\/div>\n\t\t\t<div role=\"region\" aria-expanded=\"true\" class=\"wp-block-ub-content-toggle-accordion-content-wrap\" id=\"ub-content-toggle-panel-1-f16ff4cc-1fba-4540-bbf9-cec47b616a4c\">\n\n<p><strong>2025<\/strong>\u00a0: Cr\u00e9ation de QARTWORKS <br><strong>2023<\/strong>\u00a0: Fondateur de son agence d\u2019architecture, AQA \u2013 Agence Quentin Architecte<br><strong>2022 \u2013 2023<\/strong>\u00a0: HMONP (enregistrement \u00e0 l&rsquo;ordre des architectes), EAVT, Paris-Est, France <br><strong>2016 \u2013 2022<\/strong>\u00a0: Architecte \u00e0 Mayotte <br><strong>2015 \u2013 2016<\/strong>\u00a0: Architecte au Maroc <br><strong>2005 \u2013 2015<\/strong>\u00a0: Architecte en Chine <br><strong>2004 \u2013 2005<\/strong>\u00a0: Master d\u2019architecture, EAVT, Paris-Est, France<br><\/p>\n\n\n\n<p><\/p>\n\n<\/div>\n\t\t<\/div>\n<\/div>","protected":false},"excerpt":{"rendered":"<p>\u00ab Peu importe les outils et les techniques, seule l&rsquo;expression pr\u00e9vaut \u00bb Bienvenue dans l\u2019univers captivant de Quentin Fran\u00e7ois, alias Q, un architecte et peintre fran\u00e7ais dont le travail repose sur l\u2019utilisation de motifs r\u00e9p\u00e9titifs, de motifs complexes et d\u2019une approche r\u00e9solument abstraite. \u00c0 travers ses cr\u00e9ations, Q explore les possibilit\u00e9s infinies de la forme, [&hellip;]<\/p>\n","protected":false},"author":1,"featured_media":202,"parent":0,"menu_order":0,"comment_status":"closed","ping_status":"closed","template":"","meta":{"_acf_changed":false,"footnotes":""},"class_list":["post-254","page","type-page","status-publish","has-post-thumbnail","hentry"],"featured_image_src":"https:\/\/qartworks.info\/wp-content\/uploads\/2025\/03\/profil-pic.jpg","acf":[],"yoast_head":"<!-- This site is optimized with the Yoast SEO plugin v26.9 - https:\/\/yoast.com\/product\/yoast-seo-wordpress\/ -->\n<title>\u00c0 propos - Q artworks<\/title>\n<meta name=\"description\" content=\"Quentin Francois, aka Q\" \/>\n<meta name=\"robots\" content=\"index, follow, max-snippet:-1, max-image-preview:large, max-video-preview:-1\" \/>\n<link rel=\"canonical\" href=\"https:\/\/qartworks.info\/fr\/a-propos\/\" \/>\n<meta property=\"og:locale\" content=\"fr_FR\" \/>\n<meta property=\"og:type\" content=\"article\" \/>\n<meta property=\"og:title\" content=\"\u00c0 propos - Q artworks\" \/>\n<meta property=\"og:description\" content=\"Quentin Francois, aka Q\" \/>\n<meta property=\"og:url\" content=\"https:\/\/qartworks.info\/fr\/a-propos\/\" \/>\n<meta property=\"og:site_name\" content=\"Q artworks\" \/>\n<meta property=\"article:modified_time\" content=\"2025-06-02T15:02:41+00:00\" \/>\n<meta property=\"og:image\" content=\"https:\/\/qartworks.info\/wp-content\/uploads\/2025\/03\/profil-pic.jpg\" \/>\n\t<meta property=\"og:image:width\" content=\"1200\" \/>\n\t<meta property=\"og:image:height\" content=\"1600\" \/>\n\t<meta property=\"og:image:type\" content=\"image\/jpeg\" \/>\n<meta name=\"twitter:card\" content=\"summary_large_image\" \/>\n<meta name=\"twitter:label1\" content=\"Dur\u00e9e de lecture estim\u00e9e\" \/>\n\t<meta name=\"twitter:data1\" content=\"3 minutes\" \/>\n<script type=\"application\/ld+json\" class=\"yoast-schema-graph\">{\"@context\":\"https:\/\/schema.org\",\"@graph\":[{\"@type\":\"WebPage\",\"@id\":\"https:\/\/qartworks.info\/fr\/a-propos\/\",\"url\":\"https:\/\/qartworks.info\/fr\/a-propos\/\",\"name\":\"\u00c0 propos - Q artworks\",\"isPartOf\":{\"@id\":\"https:\/\/qartworks.info\/fr\/#website\"},\"primaryImageOfPage\":{\"@id\":\"https:\/\/qartworks.info\/fr\/a-propos\/#primaryimage\"},\"image\":{\"@id\":\"https:\/\/qartworks.info\/fr\/a-propos\/#primaryimage\"},\"thumbnailUrl\":\"https:\/\/qartworks.info\/wp-content\/uploads\/2025\/03\/profil-pic.jpg\",\"datePublished\":\"2025-02-18T15:01:06+00:00\",\"dateModified\":\"2025-06-02T15:02:41+00:00\",\"description\":\"Quentin Francois, aka Q\",\"breadcrumb\":{\"@id\":\"https:\/\/qartworks.info\/fr\/a-propos\/#breadcrumb\"},\"inLanguage\":\"fr-FR\",\"potentialAction\":[{\"@type\":\"ReadAction\",\"target\":[\"https:\/\/qartworks.info\/fr\/a-propos\/\"]}]},{\"@type\":\"ImageObject\",\"inLanguage\":\"fr-FR\",\"@id\":\"https:\/\/qartworks.info\/fr\/a-propos\/#primaryimage\",\"url\":\"https:\/\/qartworks.info\/wp-content\/uploads\/2025\/03\/profil-pic.jpg\",\"contentUrl\":\"https:\/\/qartworks.info\/wp-content\/uploads\/2025\/03\/profil-pic.jpg\",\"width\":1200,\"height\":1600},{\"@type\":\"BreadcrumbList\",\"@id\":\"https:\/\/qartworks.info\/fr\/a-propos\/#breadcrumb\",\"itemListElement\":[{\"@type\":\"ListItem\",\"position\":1,\"name\":\"Home\",\"item\":\"https:\/\/qartworks.info\/fr\/\"},{\"@type\":\"ListItem\",\"position\":2,\"name\":\"\u00c0 propos\"}]},{\"@type\":\"WebSite\",\"@id\":\"https:\/\/qartworks.info\/fr\/#website\",\"url\":\"https:\/\/qartworks.info\/fr\/\",\"name\":\"Q artworks\",\"description\":\"Quentin Francois, aka Q\",\"potentialAction\":[{\"@type\":\"SearchAction\",\"target\":{\"@type\":\"EntryPoint\",\"urlTemplate\":\"https:\/\/qartworks.info\/fr\/?s={search_term_string}\"},\"query-input\":{\"@type\":\"PropertyValueSpecification\",\"valueRequired\":true,\"valueName\":\"search_term_string\"}}],\"inLanguage\":\"fr-FR\"}]}<\/script>\n<!-- \/ Yoast SEO plugin. -->","yoast_head_json":{"title":"\u00c0 propos - Q artworks","description":"Quentin Francois, aka Q","robots":{"index":"index","follow":"follow","max-snippet":"max-snippet:-1","max-image-preview":"max-image-preview:large","max-video-preview":"max-video-preview:-1"},"canonical":"https:\/\/qartworks.info\/fr\/a-propos\/","og_locale":"fr_FR","og_type":"article","og_title":"\u00c0 propos - Q artworks","og_description":"Quentin Francois, aka Q","og_url":"https:\/\/qartworks.info\/fr\/a-propos\/","og_site_name":"Q artworks","article_modified_time":"2025-06-02T15:02:41+00:00","og_image":[{"width":1200,"height":1600,"url":"https:\/\/qartworks.info\/wp-content\/uploads\/2025\/03\/profil-pic.jpg","type":"image\/jpeg"}],"twitter_card":"summary_large_image","twitter_misc":{"Dur\u00e9e de lecture estim\u00e9e":"3 minutes"},"schema":{"@context":"https:\/\/schema.org","@graph":[{"@type":"WebPage","@id":"https:\/\/qartworks.info\/fr\/a-propos\/","url":"https:\/\/qartworks.info\/fr\/a-propos\/","name":"\u00c0 propos - Q artworks","isPartOf":{"@id":"https:\/\/qartworks.info\/fr\/#website"},"primaryImageOfPage":{"@id":"https:\/\/qartworks.info\/fr\/a-propos\/#primaryimage"},"image":{"@id":"https:\/\/qartworks.info\/fr\/a-propos\/#primaryimage"},"thumbnailUrl":"https:\/\/qartworks.info\/wp-content\/uploads\/2025\/03\/profil-pic.jpg","datePublished":"2025-02-18T15:01:06+00:00","dateModified":"2025-06-02T15:02:41+00:00","description":"Quentin Francois, aka Q","breadcrumb":{"@id":"https:\/\/qartworks.info\/fr\/a-propos\/#breadcrumb"},"inLanguage":"fr-FR","potentialAction":[{"@type":"ReadAction","target":["https:\/\/qartworks.info\/fr\/a-propos\/"]}]},{"@type":"ImageObject","inLanguage":"fr-FR","@id":"https:\/\/qartworks.info\/fr\/a-propos\/#primaryimage","url":"https:\/\/qartworks.info\/wp-content\/uploads\/2025\/03\/profil-pic.jpg","contentUrl":"https:\/\/qartworks.info\/wp-content\/uploads\/2025\/03\/profil-pic.jpg","width":1200,"height":1600},{"@type":"BreadcrumbList","@id":"https:\/\/qartworks.info\/fr\/a-propos\/#breadcrumb","itemListElement":[{"@type":"ListItem","position":1,"name":"Home","item":"https:\/\/qartworks.info\/fr\/"},{"@type":"ListItem","position":2,"name":"\u00c0 propos"}]},{"@type":"WebSite","@id":"https:\/\/qartworks.info\/fr\/#website","url":"https:\/\/qartworks.info\/fr\/","name":"Q artworks","description":"Quentin Francois, aka Q","potentialAction":[{"@type":"SearchAction","target":{"@type":"EntryPoint","urlTemplate":"https:\/\/qartworks.info\/fr\/?s={search_term_string}"},"query-input":{"@type":"PropertyValueSpecification","valueRequired":true,"valueName":"search_term_string"}}],"inLanguage":"fr-FR"}]}},"_links":{"self":[{"href":"https:\/\/qartworks.info\/fr\/wp-json\/wp\/v2\/pages\/254","targetHints":{"allow":["GET"]}}],"collection":[{"href":"https:\/\/qartworks.info\/fr\/wp-json\/wp\/v2\/pages"}],"about":[{"href":"https:\/\/qartworks.info\/fr\/wp-json\/wp\/v2\/types\/page"}],"author":[{"embeddable":true,"href":"https:\/\/qartworks.info\/fr\/wp-json\/wp\/v2\/users\/1"}],"replies":[{"embeddable":true,"href":"https:\/\/qartworks.info\/fr\/wp-json\/wp\/v2\/comments?post=254"}],"version-history":[{"count":12,"href":"https:\/\/qartworks.info\/fr\/wp-json\/wp\/v2\/pages\/254\/revisions"}],"predecessor-version":[{"id":364,"href":"https:\/\/qartworks.info\/fr\/wp-json\/wp\/v2\/pages\/254\/revisions\/364"}],"wp:featuredmedia":[{"embeddable":true,"href":"https:\/\/qartworks.info\/fr\/wp-json\/wp\/v2\/media\/202"}],"wp:attachment":[{"href":"https:\/\/qartworks.info\/fr\/wp-json\/wp\/v2\/media?parent=254"}],"curies":[{"name":"wp","href":"https:\/\/api.w.org\/{rel}","templated":true}]}}